{"id":245,"date":"2018-09-10T18:26:23","date_gmt":"2018-09-10T16:26:23","guid":{"rendered":"https:\/\/aukce.farmes.cz\/?page_id=245"},"modified":"2024-04-17T10:36:47","modified_gmt":"2024-04-17T08:36:47","slug":"pravidla-aukce","status":"publish","type":"page","link":"https:\/\/aukce.radonice.cz\/?page_id=245","title":{"rendered":"Pravidla aukce"},"content":{"rendered":"<p style=\"font-weight: 400;\">Rada obce Radonice na z\u00e1klad\u011b usnesen\u00ed Zastupitelstva ze dne 27.2.2023 vyhla\u0161uje tyto\u00a0<strong>z\u00e1sady a syst\u00e9m prodeje pozemku p.\u010d. 205\/88<\/strong><span style=\"font-weight: 400;\">\u00a0<\/span><strong>v k.\u00fa. Radonice u Prahy:<\/strong><\/p>\n<ul>\n<li>prodej prob\u011bhne formou internetov\u00e9 aukce na adrese <a href=\"https:\/\/aukce.radonice.cz\" target=\"_blank\" rel=\"noopener noreferrer\">https:\/\/aukce.radonice.cz<\/a>,<\/li>\n<li>auk\u010dn\u00ed web administruje na z\u00e1klad\u011b smlouvy o poskytov\u00e1n\u00ed realitn\u00edch slu\u017eeb spole\u010dnost SPS\u00a0spr\u00e1va nemovitost\u00ed s.r.o.,<\/li>\n<li>aukce prob\u011bhne v term\u00ednu od <strong>17.4.2024 do 29.4.2024 do 17:00 hod.<\/strong>, p\u0159i\u010dem\u017e byl-li posledn\u00ed p\u0159\u00edhoz u jednotliv\u00e9 parcely uskute\u010dn\u011bn pozd\u011bji ne\u017e 30 minut p\u0159ed t\u00edmto term\u00ednem, prodlu\u017euje se term\u00edn\u00a0ukon\u010den\u00ed aukce u t\u00e9to parcely v\u017edy o 30 minut od posledn\u00edho p\u0159\u00edhozu,<\/li>\n<li>z\u00e1jemce obdr\u017e\u00ed sv\u00e9 p\u0159ihla\u0161ovac\u00ed \u00fadaje od <a href=\"https:\/\/aukce.radonice.cz\/kontakt\/\">v\u00fdhradn\u00edho prodejce<\/a>, pod kter\u00fdmi bude moci podat nab\u00eddku, na svou mailovou\u00a0adresu,<\/li>\n<li>posledn\u00ed \u017e\u00e1dost o registraci lze podat <strong>nejpozd\u011bji 27.4.2024 do 24:00 hod.<\/strong>,<\/li>\n<li>vyvol\u00e1vac\u00ed cena je <strong>10.500 K\u010d v\u010detn\u011b DPH\/m<sup>2<\/sup><\/strong>,<\/li>\n<li>minim\u00e1ln\u00ed p\u0159\u00edhoz je <strong>20 tis. K\u010d za pozemek<\/strong>,<\/li>\n<li>uzav\u0159en\u00ed kupn\u00ed smlouvy na konkr\u00e9tn\u00ed pozemek bude nab\u00eddnuto z\u00e1jemci, kter\u00fd nab\u00eddl\u00a0nejvy\u0161\u0161\u00ed kupn\u00ed cenu. V\u00a0p\u0159\u00edpad\u011b, \u017ee tento z\u00e1jemce smlouvu neuzav\u0159e do <strong>30.6.2024<\/strong>, m\u016f\u017ee\u00a0zadavatel jedn\u00e1n\u00ed s\u00a0takov\u00fdmto uchaze\u010dem ukon\u010dit a uzav\u0159en\u00ed smlouvy nab\u00eddnout z\u00e1jemci\u00a0s\u00a0dal\u0161\u00ed nejvy\u0161\u0161\u00ed nab\u00eddkou v\u00a0po\u0159ad\u00ed, a to ve lh\u016ft\u011b 21 dn\u016f, po jejich\u017e marn\u00e9m uplynut\u00ed m\u016f\u017ee\u00a0b\u00fdt uplatn\u011bn obdobn\u00fd postup sm\u011brem k\u00a0dal\u0161\u00edm nab\u00eddk\u00e1m v\u00a0po\u0159ad\u00ed podle jejich v\u00fd\u0161e.<\/li>\n<li>Zadavatel si vyhrazuje pr\u00e1vo neuzav\u0159\u00edt kupn\u00ed smlouvu s\u00a0\u017e\u00e1dn\u00fdm z\u00e1jemcem.<\/li>\n<\/ul>\n<p style=\"text-align: right;\"><a href=\"https:\/\/aukce.radonice.cz\/wp-content\/uploads\/2024\/04\/Zasady-prodeje-pozemku-205-88-1.pdf\" target=\"_blank\" rel=\"noopener noreferrer\">Z\u00e1sady prodeje pozemk\u016f (pdf)<\/a><\/p>\n","protected":false},"excerpt":{"rendered":"<p>Rada obce Radonice na z\u00e1klad\u011b usnesen\u00ed Zastupitelstva ze dne 27.2.2023 vyhla\u0161uje tyto\u00a0z\u00e1sady a syst\u00e9m prodeje pozemku p.\u010d. 205\/88\u00a0v k.\u00fa. Radonice u Prahy: prodej prob\u011bhne formou internetov\u00e9 aukce na adrese https:\/\/aukce.radonice.cz, auk\u010dn\u00ed web administruje na z\u00e1klad\u011b smlouvy o poskytov\u00e1n\u00ed realitn\u00edch slu\u017eeb spole\u010dnost SPS\u00a0spr\u00e1va nemovitost\u00ed s.r.o., aukce prob\u011bhne v term\u00ednu od 17.4.2024 do 29.4.2024 do 17:00 hod., [&hellip;]<\/p>\n","protected":false},"author":2,"featured_media":0,"parent":0,"menu_order":0,"comment_status":"closed","ping_status":"closed","template":"","meta":{"footnotes":""},"_links":{"self":[{"href":"https:\/\/aukce.radonice.cz\/index.php?rest_route=\/wp\/v2\/pages\/245"}],"collection":[{"href":"https:\/\/aukce.radonice.cz\/index.php?rest_route=\/wp\/v2\/pages"}],"about":[{"href":"https:\/\/aukce.radonice.cz\/index.php?rest_route=\/wp\/v2\/types\/page"}],"author":[{"embeddable":true,"href":"https:\/\/aukce.radonice.cz\/index.php?rest_route=\/wp\/v2\/users\/2"}],"replies":[{"embeddable":true,"href":"https:\/\/aukce.radonice.cz\/index.php?rest_route=%2Fwp%2Fv2%2Fcomments&post=245"}],"version-history":[{"count":17,"href":"https:\/\/aukce.radonice.cz\/index.php?rest_route=\/wp\/v2\/pages\/245\/revisions"}],"predecessor-version":[{"id":10581,"href":"https:\/\/aukce.radonice.cz\/index.php?rest_route=\/wp\/v2\/pages\/245\/revisions\/10581"}],"wp:attachment":[{"href":"https:\/\/aukce.radonice.cz\/index.php?rest_route=%2Fwp%2Fv2%2Fmedia&parent=245"}],"curies":[{"name":"wp","href":"https:\/\/api.w.org\/{rel}","templated":true}]}}